{"id":361,"date":"2022-01-26T17:39:48","date_gmt":"2022-01-26T17:39:48","guid":{"rendered":"https:\/\/mediaside.net\/irfanview-portuguese\/?page_id=361"},"modified":"2023-09-27T14:51:34","modified_gmt":"2023-09-27T14:51:34","slug":"plugins","status":"publish","type":"page","link":"https:\/\/mediaside.net\/irfanview-portuguese\/plugins\/","title":{"rendered":"Plugins"},"content":{"rendered":"\t\t<div data-elementor-type=\"wp-page\" data-elementor-id=\"361\" class=\"elementor elementor-361\">\n\t\t\t\t\t\t<section class=\"elementor-section elementor-top-section elementor-element elementor-element-b6d786e elementor-section-content-middle elementor-section-boxed elementor-section-height-default elementor-section-height-default\" data-id=\"b6d786e\" data-element_type=\"section\" data-e-type=\"section\" data-settings=\"{&quot;background_background&quot;:&quot;classic&quot;}\">\n\t\t\t\t\t\t<div class=\"elementor-container elementor-column-gap-no\">\n\t\t\t\t\t<div class=\"elementor-column elementor-col-50 elementor-top-column elementor-element elementor-element-d2f1e5f\" data-id=\"d2f1e5f\" data-element_type=\"column\" data-e-type=\"column\">\n\t\t\t<div class=\"elementor-widget-wrap elementor-element-populated\">\n\t\t\t\t\t\t<div class=\"elementor-element elementor-element-8c02fa3 elementor-widget-mobile__width-inherit elementor-widget elementor-widget-heading\" data-id=\"8c02fa3\" data-element_type=\"widget\" data-e-type=\"widget\" data-widget_type=\"heading.default\">\n\t\t\t\t<div class=\"elementor-widget-container\">\n\t\t\t\t\t<h1 class=\"elementor-heading-title elementor-size-default\">plugins<\/h1>\t\t\t\t<\/div>\n\t\t\t\t<\/div>\n\t\t\t\t\t<\/div>\n\t\t<\/div>\n\t\t\t\t<div class=\"elementor-column elementor-col-50 elementor-top-column elementor-element elementor-element-b2b8baf\" data-id=\"b2b8baf\" data-element_type=\"column\" data-e-type=\"column\">\n\t\t\t<div class=\"elementor-widget-wrap elementor-element-populated\">\n\t\t\t\t\t\t<div class=\"elementor-element elementor-element-d27d16f elementor-widget elementor-widget-image\" data-id=\"d27d16f\" data-element_type=\"widget\" data-e-type=\"widget\" data-widget_type=\"image.default\">\n\t\t\t\t<div class=\"elementor-widget-container\">\n\t\t\t\t\t\t\t\t\t\t\t\t\t\t\t<img fetchpriority=\"high\" decoding=\"async\" width=\"800\" height=\"528\" src=\"https:\/\/mediaside.net\/irfanview-portuguese\/wp-content\/uploads\/2022\/01\/irfanview_italia_screenshot.png\" class=\"attachment-large size-large wp-image-300\" alt=\"irfanview_italia_screenshot\" srcset=\"https:\/\/mediaside.net\/irfanview-portuguese\/wp-content\/uploads\/2022\/01\/irfanview_italia_screenshot.png 800w, https:\/\/mediaside.net\/irfanview-portuguese\/wp-content\/uploads\/2022\/01\/irfanview_italia_screenshot-300x198.png 300w, https:\/\/mediaside.net\/irfanview-portuguese\/wp-content\/uploads\/2022\/01\/irfanview_italia_screenshot-768x507.png 768w\" sizes=\"(max-width: 800px) 100vw, 800px\" \/>\t\t\t\t\t\t\t\t\t\t\t\t\t\t\t<\/div>\n\t\t\t\t<\/div>\n\t\t\t\t\t<\/div>\n\t\t<\/div>\n\t\t\t\t\t<\/div>\n\t\t<\/section>\n\t\t\t\t<section class=\"elementor-section elementor-top-section elementor-element elementor-element-061a745 elementor-section-boxed elementor-section-height-default elementor-section-height-default\" data-id=\"061a745\" data-element_type=\"section\" data-e-type=\"section\" data-settings=\"{&quot;background_background&quot;:&quot;classic&quot;}\">\n\t\t\t\t\t\t<div class=\"elementor-container elementor-column-gap-no\">\n\t\t\t\t\t<div class=\"elementor-column elementor-col-100 elementor-top-column elementor-element elementor-element-b9e486f\" data-id=\"b9e486f\" data-element_type=\"column\" data-e-type=\"column\">\n\t\t\t<div class=\"elementor-widget-wrap elementor-element-populated\">\n\t\t\t\t\t\t<div class=\"elementor-element elementor-element-fbe4660 elementor-widget elementor-widget-text-editor\" data-id=\"fbe4660\" data-element_type=\"widget\" data-e-type=\"widget\" data-widget_type=\"text-editor.default\">\n\t\t\t\t<div class=\"elementor-widget-container\">\n\t\t\t\t\t\t\t\t\t<p>Para instal\u00e1-lo:<br \/><br \/>1) Baixar Plugins pacote (arquivo. Exe)<br \/>2) D\u00ea um duplo clique no arquivo baixado (irfanview_plugins_XYZ_setup.exe)<br \/>3) Plugins ser\u00e3o instalados em IrfanView diret\u00f3rio &#8220;plugins&#8221;<\/p>\t\t\t\t\t\t\t\t<\/div>\n\t\t\t\t<\/div>\n\t\t\t\t\t<\/div>\n\t\t<\/div>\n\t\t\t\t\t<\/div>\n\t\t<\/section>\n\t\t\t\t<section class=\"elementor-section elementor-top-section elementor-element elementor-element-6ffae56 elementor-section-boxed elementor-section-height-default elementor-section-height-default\" data-id=\"6ffae56\" data-element_type=\"section\" data-e-type=\"section\" data-settings=\"{&quot;background_background&quot;:&quot;classic&quot;}\">\n\t\t\t\t\t\t<div class=\"elementor-container elementor-column-gap-default\">\n\t\t\t\t\t<div class=\"elementor-column elementor-col-50 elementor-top-column elementor-element elementor-element-ca97a5c\" data-id=\"ca97a5c\" data-element_type=\"column\" data-e-type=\"column\">\n\t\t\t<div class=\"elementor-widget-wrap elementor-element-populated\">\n\t\t\t\t\t\t<div class=\"elementor-element elementor-element-dfc51c1 elementor-widget elementor-widget-heading\" data-id=\"dfc51c1\" data-element_type=\"widget\" data-e-type=\"widget\" data-widget_type=\"heading.default\">\n\t\t\t\t<div class=\"elementor-widget-container\">\n\t\t\t\t\t<h2 class=\"elementor-heading-title elementor-size-default\">BAIXAR<\/h2>\t\t\t\t<\/div>\n\t\t\t\t<\/div>\n\t\t\t\t<div class=\"elementor-element elementor-element-bab2303 elementor-widget elementor-widget-heading\" data-id=\"bab2303\" data-element_type=\"widget\" data-e-type=\"widget\" data-widget_type=\"heading.default\">\n\t\t\t\t<div class=\"elementor-widget-container\">\n\t\t\t\t\t<h6 class=\"elementor-heading-title elementor-size-default\">plugins x64<\/h6>\t\t\t\t<\/div>\n\t\t\t\t<\/div>\n\t\t\t\t<div class=\"elementor-element elementor-element-ff11139 elementor-widget elementor-widget-text-editor\" data-id=\"ff11139\" data-element_type=\"widget\" data-e-type=\"widget\" data-widget_type=\"text-editor.default\">\n\t\t\t\t<div class=\"elementor-widget-container\">\n\t\t\t\t\t\t\t\t\t\n<a  data-e-Disable-Page-Transition=\"true\" class=\"download-link download-button aligncenter\" title=\"\" href=\"https:\/\/mediaside.net\/irfanview-portuguese\/download\/704\/?tmstv=1775911512\" rel=\"nofollow\" id=\"download-link-704\" data-redirect=\"false\" >\n\tDescarregar &ldquo;Irfanview Plugins x64&rdquo;\t<small>iview473_plugins_x64_setup.exe\t\t&ndash; Descarregado 304 vezes\t\t&ndash; 30,60 MB<\/small>\n<\/a>\n\t\t\t\t\t\t\t\t<\/div>\n\t\t\t\t<\/div>\n\t\t\t\t<div class=\"elementor-element elementor-element-6ea2e62 elementor-widget elementor-widget-html\" data-id=\"6ea2e62\" data-element_type=\"widget\" data-e-type=\"widget\" data-widget_type=\"html.default\">\n\t\t\t\t<div class=\"elementor-widget-container\">\n\t\t\t\t\t<script async src=\"https:\/\/pagead2.googlesyndication.com\/pagead\/js\/adsbygoogle.js?client=ca-pub-8478900308683487\"\r\n     crossorigin=\"anonymous\"><\/script>\r\n<ins class=\"adsbygoogle\"\r\n     style=\"display:block; text-align:center;\"\r\n     data-ad-layout=\"in-article\"\r\n     data-ad-format=\"fluid\"\r\n     data-ad-client=\"ca-pub-8478900308683487\"\r\n     data-ad-slot=\"7016292347\"><\/ins>\r\n<script>\r\n     (adsbygoogle = window.adsbygoogle || []).push({});\r\n<\/script>\t\t\t\t<\/div>\n\t\t\t\t<\/div>\n\t\t\t\t<div class=\"elementor-element elementor-element-93f8d9f elementor-widget elementor-widget-heading\" data-id=\"93f8d9f\" data-element_type=\"widget\" data-e-type=\"widget\" data-widget_type=\"heading.default\">\n\t\t\t\t<div class=\"elementor-widget-container\">\n\t\t\t\t\t<h6 class=\"elementor-heading-title elementor-size-default\">plugins x32<\/h6>\t\t\t\t<\/div>\n\t\t\t\t<\/div>\n\t\t\t\t<div class=\"elementor-element elementor-element-fd9e073 elementor-widget elementor-widget-text-editor\" data-id=\"fd9e073\" data-element_type=\"widget\" data-e-type=\"widget\" data-widget_type=\"text-editor.default\">\n\t\t\t\t<div class=\"elementor-widget-container\">\n\t\t\t\t\t\t\t\t\t\n<a  data-e-Disable-Page-Transition=\"true\" class=\"download-link download-button aligncenter\" title=\"\" href=\"https:\/\/mediaside.net\/irfanview-portuguese\/download\/709\/?tmstv=1775911512\" rel=\"nofollow\" id=\"download-link-709\" data-redirect=\"false\" >\n\tDescarregar &ldquo;Irfanview Plugins x32&rdquo;\t<small>iview473_plugins_setup.exe\t\t&ndash; Descarregado 315 vezes\t\t&ndash; 21,08 MB<\/small>\n<\/a>\n\t\t\t\t\t\t\t\t<\/div>\n\t\t\t\t<\/div>\n\t\t\t\t\t<\/div>\n\t\t<\/div>\n\t\t\t\t<div class=\"elementor-column elementor-col-50 elementor-top-column elementor-element elementor-element-ddcd92f\" data-id=\"ddcd92f\" data-element_type=\"column\" data-e-type=\"column\">\n\t\t\t<div class=\"elementor-widget-wrap elementor-element-populated\">\n\t\t\t\t\t\t<div class=\"elementor-element elementor-element-e0047e1 elementor-widget elementor-widget-text-editor\" data-id=\"e0047e1\" data-element_type=\"widget\" data-e-type=\"widget\" data-widget_type=\"text-editor.default\">\n\t\t\t\t<div class=\"elementor-widget-container\">\n\t\t\t\t\t\t\t\t\t<p><strong>AltaLux, AWD, B3D, BabaCAD4Image, MASTERIZZAZIONE, BURNINGOLD, CADImage, CamRAW, CRW, DICOM, DJVU, DPX, ECW, EFFETTI E SUPPORTO FILTRI 8BF, EMAIL, EXR, RICONSCIMENTO VOLTI, FILM_SIMULATION, FILTER_FACTORY, FLASH, FLIF, FORMATI IMMAGINI RARI, FPX, FTP, HDP, ICONE, ICS, IMPDF, IMPDN, IRFANVIEW_SANDBOX, IV_PLAYER, JPEG2000, JPEG_LS, JPEG_XL, JPEGQS, JPG_TRANSFORM, JPM, LCMS, MED, METADATA, MNG, MP3, MRC, MR-SID, NERO, OCR_KADMOS, OPTIPNG, PAINT, PDF, PHOTO-CD, POSTSCRIPT, QUICKTIME, REAL-AUDIO, CATTURA PORZIONE SCHERMO, RIOT, SFF, SLIDESHOW, SOUND_PLAYER, STUB_LOADER, SVG, TOOLS, VIDEO, WBZ, WEBP, WPG, WSQ, XCF.<\/strong><\/p>\t\t\t\t\t\t\t\t<\/div>\n\t\t\t\t<\/div>\n\t\t\t\t\t<\/div>\n\t\t<\/div>\n\t\t\t\t\t<\/div>\n\t\t<\/section>\n\t\t\t\t<\/div>\n\t\t","protected":false},"excerpt":{"rendered":"<p>plugins Para instal\u00e1-lo: 1) Baixar Plugins pacote (arquivo. Exe)2) D\u00ea um duplo clique no arquivo baixado (irfanview_plugins_XYZ_setup.exe)3) Plugins ser\u00e3o instalados em IrfanView diret\u00f3rio &#8220;plugins&#8221; BAIXAR plugins x64 plugins x32 AltaLux, AWD, B3D, BabaCAD4Image, MASTERIZZAZIONE, BURNINGOLD, CADImage, CamRAW, CRW, DICOM, DJVU, DPX, ECW, EFFETTI E SUPPORTO FILTRI 8BF, EMAIL, EXR, RICONSCIMENTO VOLTI, FILM_SIMULATION, FILTER_FACTORY, FLASH, FLIF, &hellip;<\/p>\n<p class=\"read-more\"> <a class=\"\" href=\"https:\/\/mediaside.net\/irfanview-portuguese\/plugins\/\"> <span class=\"screen-reader-text\">Plugins<\/span> Read More &raquo;<\/a><\/p>\n","protected":false},"author":1,"featured_media":0,"parent":0,"menu_order":0,"comment_status":"closed","ping_status":"closed","template":"","meta":{"site-sidebar-layout":"no-sidebar","site-content-layout":"page-builder","ast-main-header-display":"","ast-hfb-above-header-display":"","ast-hfb-below-header-display":"","ast-hfb-mobile-header-display":"","site-post-title":"disabled","ast-breadcrumbs-content":"","ast-featured-img":"disabled","footer-sml-layout":"","theme-transparent-header-meta":"default","adv-header-id-meta":"","stick-header-meta":"","header-above-stick-meta":"","header-main-stick-meta":"","header-below-stick-meta":"","footnotes":""},"class_list":["post-361","page","type-page","status-publish","hentry"],"_links":{"self":[{"href":"https:\/\/mediaside.net\/irfanview-portuguese\/wp-json\/wp\/v2\/pages\/361","targetHints":{"allow":["GET"]}}],"collection":[{"href":"https:\/\/mediaside.net\/irfanview-portuguese\/wp-json\/wp\/v2\/pages"}],"about":[{"href":"https:\/\/mediaside.net\/irfanview-portuguese\/wp-json\/wp\/v2\/types\/page"}],"author":[{"embeddable":true,"href":"https:\/\/mediaside.net\/irfanview-portuguese\/wp-json\/wp\/v2\/users\/1"}],"replies":[{"embeddable":true,"href":"https:\/\/mediaside.net\/irfanview-portuguese\/wp-json\/wp\/v2\/comments?post=361"}],"version-history":[{"count":61,"href":"https:\/\/mediaside.net\/irfanview-portuguese\/wp-json\/wp\/v2\/pages\/361\/revisions"}],"predecessor-version":[{"id":713,"href":"https:\/\/mediaside.net\/irfanview-portuguese\/wp-json\/wp\/v2\/pages\/361\/revisions\/713"}],"wp:attachment":[{"href":"https:\/\/mediaside.net\/irfanview-portuguese\/wp-json\/wp\/v2\/media?parent=361"}],"curies":[{"name":"wp","href":"https:\/\/api.w.org\/{rel}","templated":true}]}}