{"id":14,"date":"2021-05-18T04:40:38","date_gmt":"2021-05-18T04:40:38","guid":{"rendered":"https:\/\/mediaside.net\/irfanview-portuguese\/about-us\/"},"modified":"2023-12-29T18:03:59","modified_gmt":"2023-12-29T18:03:59","slug":"idioma-portugues","status":"publish","type":"page","link":"https:\/\/mediaside.net\/irfanview-portuguese\/idioma-portugues\/","title":{"rendered":"idioma portugu\u00eas"},"content":{"rendered":"\t\t<div data-elementor-type=\"wp-page\" data-elementor-id=\"14\" class=\"elementor elementor-14\">\n\t\t\t\t\t\t<section class=\"elementor-section elementor-top-section elementor-element elementor-element-b6d786e elementor-section-content-middle elementor-section-boxed elementor-section-height-default elementor-section-height-default\" data-id=\"b6d786e\" data-element_type=\"section\" data-e-type=\"section\" data-settings=\"{&quot;background_background&quot;:&quot;classic&quot;}\">\n\t\t\t\t\t\t<div class=\"elementor-container elementor-column-gap-no\">\n\t\t\t\t\t<div class=\"elementor-column elementor-col-50 elementor-top-column elementor-element elementor-element-d2f1e5f\" data-id=\"d2f1e5f\" data-element_type=\"column\" data-e-type=\"column\">\n\t\t\t<div class=\"elementor-widget-wrap elementor-element-populated\">\n\t\t\t\t\t\t<div class=\"elementor-element elementor-element-8c02fa3 elementor-widget-mobile__width-inherit elementor-widget elementor-widget-heading\" data-id=\"8c02fa3\" data-element_type=\"widget\" data-e-type=\"widget\" data-widget_type=\"heading.default\">\n\t\t\t\t<div class=\"elementor-widget-container\">\n\t\t\t\t\t<h1 class=\"elementor-heading-title elementor-size-default\">Pacote de idioma portugu\u00eas para a vers\u00e3o atual do Irfanview<\/h1>\t\t\t\t<\/div>\n\t\t\t\t<\/div>\n\t\t\t\t\t<\/div>\n\t\t<\/div>\n\t\t\t\t<div class=\"elementor-column elementor-col-50 elementor-top-column elementor-element elementor-element-b2b8baf\" data-id=\"b2b8baf\" data-element_type=\"column\" data-e-type=\"column\">\n\t\t\t<div class=\"elementor-widget-wrap elementor-element-populated\">\n\t\t\t\t\t\t<div class=\"elementor-element elementor-element-d27d16f elementor-widget elementor-widget-image\" data-id=\"d27d16f\" data-element_type=\"widget\" data-e-type=\"widget\" data-widget_type=\"image.default\">\n\t\t\t\t<div class=\"elementor-widget-container\">\n\t\t\t\t\t\t\t\t\t\t\t\t\t\t\t<img fetchpriority=\"high\" decoding=\"async\" width=\"800\" height=\"528\" src=\"https:\/\/mediaside.net\/irfanview-portuguese\/wp-content\/uploads\/2022\/01\/irfanview_italia_screenshot.png\" class=\"attachment-large size-large wp-image-300\" alt=\"irfanview_italia_screenshot\" srcset=\"https:\/\/mediaside.net\/irfanview-portuguese\/wp-content\/uploads\/2022\/01\/irfanview_italia_screenshot.png 800w, https:\/\/mediaside.net\/irfanview-portuguese\/wp-content\/uploads\/2022\/01\/irfanview_italia_screenshot-300x198.png 300w, https:\/\/mediaside.net\/irfanview-portuguese\/wp-content\/uploads\/2022\/01\/irfanview_italia_screenshot-768x507.png 768w\" sizes=\"(max-width: 800px) 100vw, 800px\" \/>\t\t\t\t\t\t\t\t\t\t\t\t\t\t\t<\/div>\n\t\t\t\t<\/div>\n\t\t\t\t\t<\/div>\n\t\t<\/div>\n\t\t\t\t\t<\/div>\n\t\t<\/section>\n\t\t\t\t<section class=\"elementor-section elementor-top-section elementor-element elementor-element-061a745 elementor-section-boxed elementor-section-height-default elementor-section-height-default\" data-id=\"061a745\" data-element_type=\"section\" data-e-type=\"section\" data-settings=\"{&quot;background_background&quot;:&quot;classic&quot;}\">\n\t\t\t\t\t\t<div class=\"elementor-container elementor-column-gap-no\">\n\t\t\t\t\t<div class=\"elementor-column elementor-col-50 elementor-top-column elementor-element elementor-element-b9e486f\" data-id=\"b9e486f\" data-element_type=\"column\" data-e-type=\"column\">\n\t\t\t<div class=\"elementor-widget-wrap elementor-element-populated\">\n\t\t\t\t\t\t<div class=\"elementor-element elementor-element-8cb829c elementor-widget elementor-widget-heading\" data-id=\"8cb829c\" data-element_type=\"widget\" data-e-type=\"widget\" data-widget_type=\"heading.default\">\n\t\t\t\t<div class=\"elementor-widget-container\">\n\t\t\t\t\t<h2 class=\"elementor-heading-title elementor-size-default\">Irfanview idioma portugu\u00eas<\/h2>\t\t\t\t<\/div>\n\t\t\t\t<\/div>\n\t\t\t\t<div class=\"elementor-element elementor-element-b3c5089 elementor-widget elementor-widget-text-editor\" data-id=\"b3c5089\" data-element_type=\"widget\" data-e-type=\"widget\" data-widget_type=\"text-editor.default\">\n\t\t\t\t<div class=\"elementor-widget-container\">\n\t\t\t\t\t\t\t\t\t\n<a  data-e-Disable-Page-Transition=\"true\" class=\"download-link download-button aligncenter\" title=\"\" href=\"https:\/\/mediaside.net\/irfanview-portuguese\/download\/679\/?tmstv=1775917654\" rel=\"nofollow\" id=\"download-link-679\" data-redirect=\"false\" >\n\tDescarregar &ldquo;idioma portugu\u00eas&rdquo;\t<small>irfanview_lang_portuguese473.exe\t\t&ndash; Descarregado 369 vezes\t\t&ndash; 218,19 KB<\/small>\n<\/a>\n\t\t\t\t\t\t\t\t<\/div>\n\t\t\t\t<\/div>\n\t\t\t\t<div class=\"elementor-element elementor-element-87d4e30 elementor-widget elementor-widget-text-editor\" data-id=\"87d4e30\" data-element_type=\"widget\" data-e-type=\"widget\" data-widget_type=\"text-editor.default\">\n\t\t\t\t<div class=\"elementor-widget-container\">\n\t\t\t\t\t\t\t\t\t\n<a  data-e-Disable-Page-Transition=\"true\" class=\"download-link download-button aligncenter\" title=\"\" href=\"https:\/\/mediaside.net\/irfanview-portuguese\/download\/715\/?tmstv=1775917654\" rel=\"nofollow\" id=\"download-link-715\" data-redirect=\"false\" >\n\tDescarregar &ldquo;idioma portugu\u00eas-brasil&rdquo;\t<small>irfanview_lang_portugues-brasil473.exe\t\t&ndash; Descarregado 331 vezes\t\t&ndash; 502,57 KB<\/small>\n<\/a>\n\t\t\t\t\t\t\t\t<\/div>\n\t\t\t\t<\/div>\n\t\t\t\t<div class=\"elementor-element elementor-element-fbe4660 elementor-widget elementor-widget-text-editor\" data-id=\"fbe4660\" data-element_type=\"widget\" data-e-type=\"widget\" data-widget_type=\"text-editor.default\">\n\t\t\t\t<div class=\"elementor-widget-container\">\n\t\t\t\t\t\t\t\t\t<p>Pacote de idioma portugu\u00eas para a vers\u00e3o atual do Irfanview.<br \/><br \/>Para instal\u00e1-lo:<br \/><br \/>1) baixar o pacote<br \/>2) Abra o arquivo execut\u00e1vel<br \/>3) iniciar Irfanview e selecione: &#8220;Op\u00e7\u00f5es&gt; Mudar o idioma&gt; Portugu\u00eas&gt; OK<\/p>\t\t\t\t\t\t\t\t<\/div>\n\t\t\t\t<\/div>\n\t\t\t\t<div class=\"elementor-element elementor-element-c332c5d elementor-widget elementor-widget-html\" data-id=\"c332c5d\" data-element_type=\"widget\" data-e-type=\"widget\" data-widget_type=\"html.default\">\n\t\t\t\t<div class=\"elementor-widget-container\">\n\t\t\t\t\t<script async src=\"https:\/\/pagead2.googlesyndication.com\/pagead\/js\/adsbygoogle.js?client=ca-pub-8478900308683487\"\r\n     crossorigin=\"anonymous\"><\/script>\r\n<!-- IW_IT_22_SQUARE -->\r\n<ins class=\"adsbygoogle\"\r\n     style=\"display:block\"\r\n     data-ad-client=\"ca-pub-8478900308683487\"\r\n     data-ad-slot=\"8339120482\"\r\n     data-ad-format=\"auto\"\r\n     data-full-width-responsive=\"true\"><\/ins>\r\n<script>\r\n     (adsbygoogle = window.adsbygoogle || []).push({});\r\n<\/script>\t\t\t\t<\/div>\n\t\t\t\t<\/div>\n\t\t\t\t\t<\/div>\n\t\t<\/div>\n\t\t\t\t<div class=\"elementor-column elementor-col-50 elementor-top-column elementor-element elementor-element-7a9dc8c\" data-id=\"7a9dc8c\" data-element_type=\"column\" data-e-type=\"column\">\n\t\t\t<div class=\"elementor-widget-wrap\">\n\t\t\t\t\t\t\t<\/div>\n\t\t<\/div>\n\t\t\t\t\t<\/div>\n\t\t<\/section>\n\t\t\t\t<\/div>\n\t\t","protected":false},"excerpt":{"rendered":"<p>Pacote de idioma portugu\u00eas para a vers\u00e3o atual do Irfanview Irfanview idioma portugu\u00eas Pacote de idioma portugu\u00eas para a vers\u00e3o atual do Irfanview. Para instal\u00e1-lo: 1) baixar o pacote2) Abra o arquivo execut\u00e1vel3) iniciar Irfanview e selecione: &#8220;Op\u00e7\u00f5es&gt; Mudar o idioma&gt; Portugu\u00eas&gt; OK<\/p>\n","protected":false},"author":1,"featured_media":0,"parent":0,"menu_order":0,"comment_status":"closed","ping_status":"closed","template":"","meta":{"site-sidebar-layout":"no-sidebar","site-content-layout":"page-builder","ast-main-header-display":"","ast-hfb-above-header-display":"","ast-hfb-below-header-display":"","ast-hfb-mobile-header-display":"","site-post-title":"disabled","ast-breadcrumbs-content":"","ast-featured-img":"disabled","footer-sml-layout":"","theme-transparent-header-meta":"default","adv-header-id-meta":"","stick-header-meta":"","header-above-stick-meta":"","header-main-stick-meta":"","header-below-stick-meta":"","footnotes":""},"class_list":["post-14","page","type-page","status-publish","hentry"],"_links":{"self":[{"href":"https:\/\/mediaside.net\/irfanview-portuguese\/wp-json\/wp\/v2\/pages\/14","targetHints":{"allow":["GET"]}}],"collection":[{"href":"https:\/\/mediaside.net\/irfanview-portuguese\/wp-json\/wp\/v2\/pages"}],"about":[{"href":"https:\/\/mediaside.net\/irfanview-portuguese\/wp-json\/wp\/v2\/types\/page"}],"author":[{"embeddable":true,"href":"https:\/\/mediaside.net\/irfanview-portuguese\/wp-json\/wp\/v2\/users\/1"}],"replies":[{"embeddable":true,"href":"https:\/\/mediaside.net\/irfanview-portuguese\/wp-json\/wp\/v2\/comments?post=14"}],"version-history":[{"count":54,"href":"https:\/\/mediaside.net\/irfanview-portuguese\/wp-json\/wp\/v2\/pages\/14\/revisions"}],"predecessor-version":[{"id":719,"href":"https:\/\/mediaside.net\/irfanview-portuguese\/wp-json\/wp\/v2\/pages\/14\/revisions\/719"}],"wp:attachment":[{"href":"https:\/\/mediaside.net\/irfanview-portuguese\/wp-json\/wp\/v2\/media?parent=14"}],"curies":[{"name":"wp","href":"https:\/\/api.w.org\/{rel}","templated":true}]}}